{"id":195,"date":"2018-08-02T13:27:50","date_gmt":"2018-08-02T13:27:50","guid":{"rendered":"http:\/\/alterno.no\/nextorch\/?page_id=195"},"modified":"2018-08-27T12:52:52","modified_gmt":"2018-08-27T12:52:52","slug":"nextorch-b10-sykkellykt","status":"publish","type":"page","link":"https:\/\/alterno.no\/nextorch\/nextorch-b10-sykkellykt\/","title":{"rendered":"Nextorch B10 sykkellykt"},"content":{"rendered":"\t\t<div data-elementor-type=\"wp-post\" data-elementor-id=\"195\" class=\"elementor elementor-195 elementor-bc-flex-widget\">\n\t\t\t\t\t\t<section class=\"elementor-section elementor-top-section elementor-element elementor-element-d26dab4 elementor-section-boxed elementor-section-height-default elementor-section-height-default\" data-id=\"d26dab4\" data-element_type=\"section\" data-e-type=\"section\">\n\t\t\t\t\t\t<div class=\"elementor-container elementor-column-gap-default\">\n\t\t\t\t\t<div class=\"elementor-column elementor-col-100 elementor-top-column elementor-element elementor-element-3cc7a04\" data-id=\"3cc7a04\" data-element_type=\"column\" data-e-type=\"column\">\n\t\t\t<div class=\"elementor-widget-wrap elementor-element-populated\">\n\t\t\t\t\t\t<div class=\"elementor-element elementor-element-2fcda36 elementor-widget elementor-widget-heading\" data-id=\"2fcda36\" data-element_type=\"widget\" data-e-type=\"widget\" data-widget_type=\"heading.default\">\n\t\t\t\t<div class=\"elementor-widget-container\">\n\t\t\t\t\t<h2 class=\"elementor-heading-title elementor-size-large\">Nextorch B10 sykkellykt<\/h2>\t\t\t\t<\/div>\n\t\t\t\t<\/div>\n\t\t\t\t\t<\/div>\n\t\t<\/div>\n\t\t\t\t\t<\/div>\n\t\t<\/section>\n\t\t\t\t<section class=\"elementor-section elementor-top-section elementor-element elementor-element-a0c1f87 elementor-section-boxed elementor-section-height-default elementor-section-height-default\" data-id=\"a0c1f87\" data-element_type=\"section\" data-e-type=\"section\">\n\t\t\t\t\t\t<div class=\"elementor-container elementor-column-gap-default\">\n\t\t\t\t\t<div class=\"elementor-column elementor-col-100 elementor-top-column elementor-element elementor-element-02dac1d\" data-id=\"02dac1d\" data-element_type=\"column\" data-e-type=\"column\">\n\t\t\t<div class=\"elementor-widget-wrap elementor-element-populated\">\n\t\t\t\t\t\t<section class=\"elementor-section elementor-inner-section elementor-element elementor-element-7f29e02 elementor-section-boxed elementor-section-height-default elementor-section-height-default\" data-id=\"7f29e02\" data-element_type=\"section\" data-e-type=\"section\">\n\t\t\t\t\t\t<div class=\"elementor-container elementor-column-gap-default\">\n\t\t\t\t\t<div class=\"elementor-column elementor-col-50 elementor-inner-column elementor-element elementor-element-ac0910c\" data-id=\"ac0910c\" data-element_type=\"column\" data-e-type=\"column\">\n\t\t\t<div class=\"elementor-widget-wrap elementor-element-populated\">\n\t\t\t\t\t\t<div class=\"elementor-element elementor-element-3c24c19 elementor-arrows-position-inside elementor-pagination-position-outside elementor-widget elementor-widget-image-carousel\" data-id=\"3c24c19\" data-element_type=\"widget\" data-e-type=\"widget\" data-settings=\"{&quot;slides_to_show&quot;:&quot;1&quot;,&quot;navigation&quot;:&quot;both&quot;,&quot;autoplay&quot;:&quot;yes&quot;,&quot;pause_on_hover&quot;:&quot;yes&quot;,&quot;pause_on_interaction&quot;:&quot;yes&quot;,&quot;autoplay_speed&quot;:5000,&quot;infinite&quot;:&quot;yes&quot;,&quot;effect&quot;:&quot;slide&quot;,&quot;speed&quot;:500}\" data-widget_type=\"image-carousel.default\">\n\t\t\t\t<div class=\"elementor-widget-container\">\n\t\t\t\t\t\t\t<div class=\"elementor-image-carousel-wrapper swiper\" role=\"region\" aria-roledescription=\"carousel\" aria-label=\"Bildekarusell\" dir=\"ltr\">\n\t\t\t<div class=\"elementor-image-carousel swiper-wrapper\" aria-live=\"off\">\n\t\t\t\t\t\t\t\t<div class=\"swiper-slide\" role=\"group\" aria-roledescription=\"slide\" aria-label=\"1 av 3\"><figure class=\"swiper-slide-inner\"><img decoding=\"async\" class=\"swiper-slide-image\" src=\"https:\/\/alterno.no\/nextorch\/wp-content\/uploads\/2018\/08\/B10.jpg\" alt=\"Nextorch B10 sykkellykt\" \/><\/figure><\/div><div class=\"swiper-slide\" role=\"group\" aria-roledescription=\"slide\" aria-label=\"2 av 3\"><figure class=\"swiper-slide-inner\"><img decoding=\"async\" class=\"swiper-slide-image\" src=\"https:\/\/alterno.no\/nextorch\/wp-content\/uploads\/2018\/08\/B10-1.jpg\" alt=\"Nextorch B10 sykkellykt\" \/><\/figure><\/div><div class=\"swiper-slide\" role=\"group\" aria-roledescription=\"slide\" aria-label=\"3 av 3\"><figure class=\"swiper-slide-inner\"><img decoding=\"async\" class=\"swiper-slide-image\" src=\"https:\/\/alterno.no\/nextorch\/wp-content\/uploads\/2018\/08\/B10-2.jpg\" alt=\"Nextorch B10 sykkellykt\" \/><\/figure><\/div>\t\t\t<\/div>\n\t\t\t\t\t\t\t\t\t\t\t\t<div class=\"elementor-swiper-button elementor-swiper-button-prev\" role=\"button\" tabindex=\"0\">\n\t\t\t\t\t\t<i aria-hidden=\"true\" class=\"eicon-chevron-left\"><\/i>\t\t\t\t\t<\/div>\n\t\t\t\t\t<div class=\"elementor-swiper-button elementor-swiper-button-next\" role=\"button\" tabindex=\"0\">\n\t\t\t\t\t\t<i aria-hidden=\"true\" class=\"eicon-chevron-right\"><\/i>\t\t\t\t\t<\/div>\n\t\t\t\t\n\t\t\t\t\t\t\t\t\t<div class=\"swiper-pagination\"><\/div>\n\t\t\t\t\t\t\t\t\t<\/div>\n\t\t\t\t\t\t<\/div>\n\t\t\t\t<\/div>\n\t\t\t\t\t<\/div>\n\t\t<\/div>\n\t\t\t\t<div class=\"elementor-column elementor-col-50 elementor-inner-column elementor-element elementor-element-2988f03\" data-id=\"2988f03\" data-element_type=\"column\" data-e-type=\"column\">\n\t\t\t<div class=\"elementor-widget-wrap elementor-element-populated\">\n\t\t\t\t\t\t<div class=\"elementor-element elementor-element-ee2a5a6 elementor-widget elementor-widget-text-editor\" data-id=\"ee2a5a6\" data-element_type=\"widget\" data-e-type=\"widget\" data-widget_type=\"text-editor.default\">\n\t\t\t\t<div class=\"elementor-widget-container\">\n\t\t\t\t\t\t\t\t\t<p>Verdens f\u00f8rste sykkellykt med optisk spot linse. Den gir en unik rektangul\u00e6r lysstr\u00e5le, en 160\u00b0 lysvidde gir lys til hele veibanen og gir god sikt og optimal sikkerhet.<\/p><p>\u2022 Patentert RSL (Rectangular Spot Lens) teknologi, gir lysvidde p\u00e5 hele 160\u00b0, noe som gir god oversikt<\/p><p>\u2022 4 innstillinger, max lysstyrke 420 lumen<\/p><p>\u2022 Batterilevetid opptil 22 timer<\/p><p>\u2022 Solid styrefeste, enkelt \u00e5 ta med lykten<\/p>\t\t\t\t\t\t\t\t<\/div>\n\t\t\t\t<\/div>\n\t\t\t\t\t<\/div>\n\t\t<\/div>\n\t\t\t\t\t<\/div>\n\t\t<\/section>\n\t\t\t\t\t<\/div>\n\t\t<\/div>\n\t\t\t\t\t<\/div>\n\t\t<\/section>\n\t\t\t\t<section class=\"elementor-section elementor-top-section elementor-element elementor-element-79b000f elementor-section-boxed elementor-section-height-default elementor-section-height-default\" data-id=\"79b000f\" data-element_type=\"section\" data-e-type=\"section\">\n\t\t\t\t\t\t<div class=\"elementor-container elementor-column-gap-default\">\n\t\t\t\t\t<div class=\"elementor-column elementor-col-100 elementor-top-column elementor-element elementor-element-69c64aa\" data-id=\"69c64aa\" data-element_type=\"column\" data-e-type=\"column\">\n\t\t\t<div class=\"elementor-widget-wrap elementor-element-populated\">\n\t\t\t\t\t\t<div class=\"elementor-element elementor-element-65aceac elementor-widget elementor-widget-heading\" data-id=\"65aceac\" data-element_type=\"widget\" data-e-type=\"widget\" data-widget_type=\"heading.default\">\n\t\t\t\t<div class=\"elementor-widget-container\">\n\t\t\t\t\t<h2 class=\"elementor-heading-title elementor-size-medium\">Spesifikasjoner<\/h2>\t\t\t\t<\/div>\n\t\t\t\t<\/div>\n\t\t\t\t\t<\/div>\n\t\t<\/div>\n\t\t\t\t\t<\/div>\n\t\t<\/section>\n\t\t\t\t<section class=\"elementor-section elementor-top-section elementor-element elementor-element-4f09a31 elementor-section-boxed elementor-section-height-default elementor-section-height-default\" data-id=\"4f09a31\" data-element_type=\"section\" data-e-type=\"section\">\n\t\t\t\t\t\t<div class=\"elementor-container elementor-column-gap-default\">\n\t\t\t\t\t<div class=\"elementor-column elementor-col-100 elementor-top-column elementor-element elementor-element-8f72902\" data-id=\"8f72902\" data-element_type=\"column\" data-e-type=\"column\">\n\t\t\t<div class=\"elementor-widget-wrap elementor-element-populated\">\n\t\t\t\t\t\t<div class=\"elementor-element elementor-element-6a500d6 elementor-widget elementor-widget-text-editor\" data-id=\"6a500d6\" data-element_type=\"widget\" data-e-type=\"widget\" data-widget_type=\"text-editor.default\">\n\t\t\t\t<div class=\"elementor-widget-container\">\n\t\t\t\t\t\t\t\t\t<table width=\"100%\"><tbody><tr><td colspan=\"2\" width=\"100%\"><p><strong>B10 + sykkellykt<\/strong><\/p><\/td><\/tr><tr><td width=\"50%\"><p>LED<\/p><\/td><td width=\"50%\"><p>Cree XP-G2 SS2 Led<\/p><\/td><\/tr><tr><td width=\"50%\"><p>Lysstyrke<\/p><\/td><td width=\"50%\"><p>420lm\/245lm\/93lm\/flash<\/p><\/td><\/tr><tr><td width=\"50%\"><p>Batterilevetid<\/p><\/td><td width=\"50%\"><p>1t45min\/5t15min\/22t\/-<\/p><\/td><\/tr><tr><td width=\"50%\"><p>Lyslengde<\/p><\/td><td width=\"50%\"><p>75m<\/p><\/td><\/tr><tr><td width=\"50%\"><p>Beskyttelsesklasse<\/p><\/td><td width=\"50%\"><p>IPX-6<\/p><\/td><\/tr><tr><td width=\"50%\"><p>Batteri<\/p><\/td><td width=\"50%\"><p>4xAA (inkludert)<\/p><\/td><\/tr><tr><td width=\"50%\"><p>Dimensjoner(mm)<\/p><\/td><td width=\"50%\"><p>100x97x34<\/p><\/td><\/tr><tr><td width=\"50%\"><p>Vekt<\/p><\/td><td width=\"50%\"><p>160g (uten batteri)<\/p><\/td><\/tr><\/tbody><\/table>\t\t\t\t\t\t\t\t<\/div>\n\t\t\t\t<\/div>\n\t\t\t\t\t<\/div>\n\t\t<\/div>\n\t\t\t\t\t<\/div>\n\t\t<\/section>\n\t\t\t\t<\/div>\n\t\t","protected":false},"excerpt":{"rendered":"<p>Nextorch B10 sykkellykt Verdens f\u00f8rste sykkellykt med optisk spot linse. Den gir en unik rektangul\u00e6r lysstr\u00e5le, en 160\u00b0 lysvidde gir lys til hele veibanen og gir god sikt og optimal sikkerhet. \u2022 Patentert RSL (Rectangular Spot Lens) teknologi, gir lysvidde p\u00e5 hele 160\u00b0, noe som gir god oversikt \u2022 4 innstillinger, max lysstyrke 420 lumen [&hellip;]<\/p>\n","protected":false},"author":1,"featured_media":0,"parent":0,"menu_order":0,"comment_status":"closed","ping_status":"closed","template":"","meta":{"site-sidebar-layout":"no-sidebar","site-content-layout":"page-builder","ast-site-content-layout":"default","site-content-style":"default","site-sidebar-style":"default","ast-global-header-display":"","ast-banner-title-visibility":"","ast-main-header-display":"","ast-hfb-above-header-display":"","ast-hfb-below-header-display":"","ast-hfb-mobile-header-display":"","site-post-title":"disabled","ast-breadcrumbs-content":"","ast-featured-img":"disabled","footer-sml-layout":"","ast-disable-related-posts":"","theme-transparent-header-meta":"","adv-header-id-meta":"","stick-header-meta":"","header-above-stick-meta":"","header-main-stick-meta":"","header-below-stick-meta":"","astra-migrate-meta-layouts":"default","ast-page-background-enabled":"default","ast-page-background-meta":{"desktop":{"background-color":"","background-image":"","background-repeat":"repeat","background-position":"center center","background-size":"auto","background-attachment":"scroll","background-type":"","background-media":"","overlay-type":"","overlay-color":"","overlay-opacity":"","overlay-gradient":""},"tablet":{"background-color":"","background-image":"","background-repeat":"repeat","background-position":"center center","background-size":"auto","background-attachment":"scroll","background-type":"","background-media":"","overlay-type":"","overlay-color":"","overlay-opacity":"","overlay-gradient":""},"mobile":{"background-color":"","background-image":"","background-repeat":"repeat","background-position":"center center","background-size":"auto","background-attachment":"scroll","background-type":"","background-media":"","overlay-type":"","overlay-color":"","overlay-opacity":"","overlay-gradient":""}},"ast-content-background-meta":{"desktop":{"background-color":"var(--ast-global-color-5)","background-image":"","background-repeat":"repeat","background-position":"center center","background-size":"auto","background-attachment":"scroll","background-type":"","background-media":"","overlay-type":"","overlay-color":"","overlay-opacity":"","overlay-gradient":""},"tablet":{"background-color":"var(--ast-global-color-5)","background-image":"","background-repeat":"repeat","background-position":"center center","background-size":"auto","background-attachment":"scroll","background-type":"","background-media":"","overlay-type":"","overlay-color":"","overlay-opacity":"","overlay-gradient":""},"mobile":{"background-color":"var(--ast-global-color-5)","background-image":"","background-repeat":"repeat","background-position":"center center","background-size":"auto","background-attachment":"scroll","background-type":"","background-media":"","overlay-type":"","overlay-color":"","overlay-opacity":"","overlay-gradient":""}},"footnotes":""},"class_list":["post-195","page","type-page","status-publish","hentry"],"yoast_head":"<!-- This site is optimized with the Yoast SEO plugin v27.4 - https:\/\/yoast.com\/product\/yoast-seo-wordpress\/ -->\n<title>Nextorch B10 sykkellykt - Nextorch Norge<\/title>\n<meta name=\"robots\" content=\"index, follow, max-snippet:-1, max-image-preview:large, max-video-preview:-1\" \/>\n<link rel=\"canonical\" href=\"https:\/\/alterno.no\/nextorch\/nextorch-b10-sykkellykt\/\" \/>\n<meta property=\"og:locale\" content=\"nb_NO\" \/>\n<meta property=\"og:type\" content=\"article\" \/>\n<meta property=\"og:title\" content=\"Nextorch B10 sykkellykt - Nextorch Norge\" \/>\n<meta property=\"og:description\" content=\"Nextorch B10 sykkellykt Verdens f\u00f8rste sykkellykt med optisk spot linse. Den gir en unik rektangul\u00e6r lysstr\u00e5le, en 160\u00b0 lysvidde gir lys til hele veibanen og gir god sikt og optimal sikkerhet. \u2022 Patentert RSL (Rectangular Spot Lens) teknologi, gir lysvidde p\u00e5 hele 160\u00b0, noe som gir god oversikt \u2022 4 innstillinger, max lysstyrke 420 lumen [&hellip;]\" \/>\n<meta property=\"og:url\" content=\"https:\/\/alterno.no\/nextorch\/nextorch-b10-sykkellykt\/\" \/>\n<meta property=\"og:site_name\" content=\"Nextorch Norge\" \/>\n<meta property=\"article:publisher\" content=\"https:\/\/business.facebook.com\/alternoas\/?business_id=279824305820487\" \/>\n<meta property=\"article:modified_time\" content=\"2018-08-27T12:52:52+00:00\" \/>\n<meta property=\"og:image\" content=\"http:\/\/media4.alterno.no\/2018\/08\/B10.jpg\" \/>\n<meta name=\"twitter:card\" content=\"summary_large_image\" \/>\n<script type=\"application\/ld+json\" class=\"yoast-schema-graph\">{\"@context\":\"https:\\\/\\\/schema.org\",\"@graph\":[{\"@type\":\"WebPage\",\"@id\":\"https:\\\/\\\/alterno.no\\\/nextorch\\\/nextorch-b10-sykkellykt\\\/\",\"url\":\"https:\\\/\\\/alterno.no\\\/nextorch\\\/nextorch-b10-sykkellykt\\\/\",\"name\":\"Nextorch B10 sykkellykt - Nextorch Norge\",\"isPartOf\":{\"@id\":\"https:\\\/\\\/alterno.no\\\/nextorch\\\/#website\"},\"primaryImageOfPage\":{\"@id\":\"https:\\\/\\\/alterno.no\\\/nextorch\\\/nextorch-b10-sykkellykt\\\/#primaryimage\"},\"image\":{\"@id\":\"https:\\\/\\\/alterno.no\\\/nextorch\\\/nextorch-b10-sykkellykt\\\/#primaryimage\"},\"thumbnailUrl\":\"http:\\\/\\\/media4.alterno.no\\\/2018\\\/08\\\/B10.jpg\",\"datePublished\":\"2018-08-02T13:27:50+00:00\",\"dateModified\":\"2018-08-27T12:52:52+00:00\",\"breadcrumb\":{\"@id\":\"https:\\\/\\\/alterno.no\\\/nextorch\\\/nextorch-b10-sykkellykt\\\/#breadcrumb\"},\"inLanguage\":\"nb-NO\",\"potentialAction\":[{\"@type\":\"ReadAction\",\"target\":[\"https:\\\/\\\/alterno.no\\\/nextorch\\\/nextorch-b10-sykkellykt\\\/\"]}]},{\"@type\":\"ImageObject\",\"inLanguage\":\"nb-NO\",\"@id\":\"https:\\\/\\\/alterno.no\\\/nextorch\\\/nextorch-b10-sykkellykt\\\/#primaryimage\",\"url\":\"http:\\\/\\\/media4.alterno.no\\\/2018\\\/08\\\/B10.jpg\",\"contentUrl\":\"http:\\\/\\\/media4.alterno.no\\\/2018\\\/08\\\/B10.jpg\"},{\"@type\":\"BreadcrumbList\",\"@id\":\"https:\\\/\\\/alterno.no\\\/nextorch\\\/nextorch-b10-sykkellykt\\\/#breadcrumb\",\"itemListElement\":[{\"@type\":\"ListItem\",\"position\":1,\"name\":\"Hjem\",\"item\":\"https:\\\/\\\/alterno.no\\\/nextorch\\\/\"},{\"@type\":\"ListItem\",\"position\":2,\"name\":\"Nextorch B10 sykkellykt\"}]},{\"@type\":\"WebSite\",\"@id\":\"https:\\\/\\\/alterno.no\\\/nextorch\\\/#website\",\"url\":\"https:\\\/\\\/alterno.no\\\/nextorch\\\/\",\"name\":\"Nextorch Norge\",\"description\":\"-the smart light\",\"publisher\":{\"@id\":\"https:\\\/\\\/alterno.no\\\/nextorch\\\/#organization\"},\"potentialAction\":[{\"@type\":\"SearchAction\",\"target\":{\"@type\":\"EntryPoint\",\"urlTemplate\":\"https:\\\/\\\/alterno.no\\\/nextorch\\\/?s={search_term_string}\"},\"query-input\":{\"@type\":\"PropertyValueSpecification\",\"valueRequired\":true,\"valueName\":\"search_term_string\"}}],\"inLanguage\":\"nb-NO\"},{\"@type\":\"Organization\",\"@id\":\"https:\\\/\\\/alterno.no\\\/nextorch\\\/#organization\",\"name\":\"Nextorch Norge\",\"url\":\"https:\\\/\\\/alterno.no\\\/nextorch\\\/\",\"logo\":{\"@type\":\"ImageObject\",\"inLanguage\":\"nb-NO\",\"@id\":\"https:\\\/\\\/alterno.no\\\/nextorch\\\/#\\\/schema\\\/logo\\\/image\\\/\",\"url\":\"https:\\\/\\\/alterno.no\\\/nextorch\\\/wp-content\\\/uploads\\\/2018\\\/07\\\/cropped-2018-New-English-Logo-Standard.png\",\"contentUrl\":\"https:\\\/\\\/alterno.no\\\/nextorch\\\/wp-content\\\/uploads\\\/2018\\\/07\\\/cropped-2018-New-English-Logo-Standard.png\",\"width\":1483,\"height\":236,\"caption\":\"Nextorch Norge\"},\"image\":{\"@id\":\"https:\\\/\\\/alterno.no\\\/nextorch\\\/#\\\/schema\\\/logo\\\/image\\\/\"},\"sameAs\":[\"https:\\\/\\\/business.facebook.com\\\/alternoas\\\/?business_id=279824305820487\"]}]}<\/script>\n<!-- \/ Yoast SEO plugin. -->","yoast_head_json":{"title":"Nextorch B10 sykkellykt - Nextorch Norge","robots":{"index":"index","follow":"follow","max-snippet":"max-snippet:-1","max-image-preview":"max-image-preview:large","max-video-preview":"max-video-preview:-1"},"canonical":"https:\/\/alterno.no\/nextorch\/nextorch-b10-sykkellykt\/","og_locale":"nb_NO","og_type":"article","og_title":"Nextorch B10 sykkellykt - Nextorch Norge","og_description":"Nextorch B10 sykkellykt Verdens f\u00f8rste sykkellykt med optisk spot linse. Den gir en unik rektangul\u00e6r lysstr\u00e5le, en 160\u00b0 lysvidde gir lys til hele veibanen og gir god sikt og optimal sikkerhet. \u2022 Patentert RSL (Rectangular Spot Lens) teknologi, gir lysvidde p\u00e5 hele 160\u00b0, noe som gir god oversikt \u2022 4 innstillinger, max lysstyrke 420 lumen [&hellip;]","og_url":"https:\/\/alterno.no\/nextorch\/nextorch-b10-sykkellykt\/","og_site_name":"Nextorch Norge","article_publisher":"https:\/\/business.facebook.com\/alternoas\/?business_id=279824305820487","article_modified_time":"2018-08-27T12:52:52+00:00","og_image":[{"url":"http:\/\/media4.alterno.no\/2018\/08\/B10.jpg","type":"","width":"","height":""}],"twitter_card":"summary_large_image","schema":{"@context":"https:\/\/schema.org","@graph":[{"@type":"WebPage","@id":"https:\/\/alterno.no\/nextorch\/nextorch-b10-sykkellykt\/","url":"https:\/\/alterno.no\/nextorch\/nextorch-b10-sykkellykt\/","name":"Nextorch B10 sykkellykt - Nextorch Norge","isPartOf":{"@id":"https:\/\/alterno.no\/nextorch\/#website"},"primaryImageOfPage":{"@id":"https:\/\/alterno.no\/nextorch\/nextorch-b10-sykkellykt\/#primaryimage"},"image":{"@id":"https:\/\/alterno.no\/nextorch\/nextorch-b10-sykkellykt\/#primaryimage"},"thumbnailUrl":"http:\/\/media4.alterno.no\/2018\/08\/B10.jpg","datePublished":"2018-08-02T13:27:50+00:00","dateModified":"2018-08-27T12:52:52+00:00","breadcrumb":{"@id":"https:\/\/alterno.no\/nextorch\/nextorch-b10-sykkellykt\/#breadcrumb"},"inLanguage":"nb-NO","potentialAction":[{"@type":"ReadAction","target":["https:\/\/alterno.no\/nextorch\/nextorch-b10-sykkellykt\/"]}]},{"@type":"ImageObject","inLanguage":"nb-NO","@id":"https:\/\/alterno.no\/nextorch\/nextorch-b10-sykkellykt\/#primaryimage","url":"http:\/\/media4.alterno.no\/2018\/08\/B10.jpg","contentUrl":"http:\/\/media4.alterno.no\/2018\/08\/B10.jpg"},{"@type":"BreadcrumbList","@id":"https:\/\/alterno.no\/nextorch\/nextorch-b10-sykkellykt\/#breadcrumb","itemListElement":[{"@type":"ListItem","position":1,"name":"Hjem","item":"https:\/\/alterno.no\/nextorch\/"},{"@type":"ListItem","position":2,"name":"Nextorch B10 sykkellykt"}]},{"@type":"WebSite","@id":"https:\/\/alterno.no\/nextorch\/#website","url":"https:\/\/alterno.no\/nextorch\/","name":"Nextorch Norge","description":"-the smart light","publisher":{"@id":"https:\/\/alterno.no\/nextorch\/#organization"},"potentialAction":[{"@type":"SearchAction","target":{"@type":"EntryPoint","urlTemplate":"https:\/\/alterno.no\/nextorch\/?s={search_term_string}"},"query-input":{"@type":"PropertyValueSpecification","valueRequired":true,"valueName":"search_term_string"}}],"inLanguage":"nb-NO"},{"@type":"Organization","@id":"https:\/\/alterno.no\/nextorch\/#organization","name":"Nextorch Norge","url":"https:\/\/alterno.no\/nextorch\/","logo":{"@type":"ImageObject","inLanguage":"nb-NO","@id":"https:\/\/alterno.no\/nextorch\/#\/schema\/logo\/image\/","url":"https:\/\/alterno.no\/nextorch\/wp-content\/uploads\/2018\/07\/cropped-2018-New-English-Logo-Standard.png","contentUrl":"https:\/\/alterno.no\/nextorch\/wp-content\/uploads\/2018\/07\/cropped-2018-New-English-Logo-Standard.png","width":1483,"height":236,"caption":"Nextorch Norge"},"image":{"@id":"https:\/\/alterno.no\/nextorch\/#\/schema\/logo\/image\/"},"sameAs":["https:\/\/business.facebook.com\/alternoas\/?business_id=279824305820487"]}]}},"_links":{"self":[{"href":"https:\/\/alterno.no\/nextorch\/wp-json\/wp\/v2\/pages\/195","targetHints":{"allow":["GET"]}}],"collection":[{"href":"https:\/\/alterno.no\/nextorch\/wp-json\/wp\/v2\/pages"}],"about":[{"href":"https:\/\/alterno.no\/nextorch\/wp-json\/wp\/v2\/types\/page"}],"author":[{"embeddable":true,"href":"https:\/\/alterno.no\/nextorch\/wp-json\/wp\/v2\/users\/1"}],"replies":[{"embeddable":true,"href":"https:\/\/alterno.no\/nextorch\/wp-json\/wp\/v2\/comments?post=195"}],"version-history":[{"count":3,"href":"https:\/\/alterno.no\/nextorch\/wp-json\/wp\/v2\/pages\/195\/revisions"}],"predecessor-version":[{"id":201,"href":"https:\/\/alterno.no\/nextorch\/wp-json\/wp\/v2\/pages\/195\/revisions\/201"}],"wp:attachment":[{"href":"https:\/\/alterno.no\/nextorch\/wp-json\/wp\/v2\/media?parent=195"}],"curies":[{"name":"wp","href":"https:\/\/api.w.org\/{rel}","templated":true}]}}