{"id":2,"date":"2018-07-18T08:23:37","date_gmt":"2018-07-18T08:23:37","guid":{"rendered":"http:\/\/alterno.no\/nextorch\/?page_id=2"},"modified":"2020-06-04T12:12:59","modified_gmt":"2020-06-04T12:12:59","slug":"sample-page","status":"publish","type":"page","link":"https:\/\/alterno.no\/nextorch\/","title":{"rendered":"Forside"},"content":{"rendered":"\t\t<div data-elementor-type=\"wp-post\" data-elementor-id=\"2\" class=\"elementor elementor-2\">\n\t\t\t\t\t\t<section class=\"elementor-section elementor-top-section elementor-element elementor-element-d70513d elementor-section-boxed elementor-section-height-default elementor-section-height-default\" data-id=\"d70513d\" data-element_type=\"section\" data-e-type=\"section\">\n\t\t\t\t\t\t<div class=\"elementor-container elementor-column-gap-default\">\n\t\t\t\t\t<div class=\"elementor-column elementor-col-100 elementor-top-column elementor-element elementor-element-9e44186\" data-id=\"9e44186\" data-element_type=\"column\" data-e-type=\"column\">\n\t\t\t<div class=\"elementor-widget-wrap elementor-element-populated\">\n\t\t\t\t\t\t<section class=\"elementor-section elementor-inner-section elementor-element elementor-element-9253e25 elementor-section-boxed elementor-section-height-default elementor-section-height-default\" data-id=\"9253e25\" data-element_type=\"section\" data-e-type=\"section\">\n\t\t\t\t\t\t<div class=\"elementor-container elementor-column-gap-default\">\n\t\t\t\t\t<div class=\"elementor-column elementor-col-50 elementor-inner-column elementor-element elementor-element-d2ab610\" data-id=\"d2ab610\" data-element_type=\"column\" data-e-type=\"column\">\n\t\t\t<div class=\"elementor-widget-wrap elementor-element-populated\">\n\t\t\t\t\t\t<div class=\"elementor-element elementor-element-7446b14 elementor-widget elementor-widget-text-editor\" data-id=\"7446b14\" data-element_type=\"widget\" data-e-type=\"widget\" data-widget_type=\"text-editor.default\">\n\t\t\t\t<div class=\"elementor-widget-container\">\n\t\t\t\t\t\t\t\t\t<p>NEXTORCH designer og produserer h\u00f8ykvalitetslykter. Med sine innovative l\u00f8sninger ligger de i fremste rekke med l\u00f8sninger til forsvaret, sikkerhetstjenester, industri, jakt, friluftsliv eller til personlig bruk.<br \/>NEXTORCH produktene distribueres til mer enn 100 land verden over, og det utvides stadig. Vi er stolte av \u00e5 distribuere NEXTORCH sine produkter i Norge.<br \/>NEXTORCH er lykter som fungerer !<\/p>\t\t\t\t\t\t\t\t<\/div>\n\t\t\t\t<\/div>\n\t\t\t\t\t<\/div>\n\t\t<\/div>\n\t\t\t\t<div class=\"elementor-column elementor-col-50 elementor-inner-column elementor-element elementor-element-eed9914\" data-id=\"eed9914\" data-element_type=\"column\" data-e-type=\"column\">\n\t\t\t<div class=\"elementor-widget-wrap elementor-element-populated\">\n\t\t\t\t\t\t<div class=\"elementor-element elementor-element-76524c4 elementor-arrows-position-inside elementor-pagination-position-outside elementor-widget elementor-widget-image-carousel\" data-id=\"76524c4\" data-element_type=\"widget\" data-e-type=\"widget\" data-settings=\"{&quot;slides_to_show&quot;:&quot;1&quot;,&quot;autoplay_speed&quot;:4996,&quot;speed&quot;:503,&quot;navigation&quot;:&quot;both&quot;,&quot;autoplay&quot;:&quot;yes&quot;,&quot;pause_on_hover&quot;:&quot;yes&quot;,&quot;pause_on_interaction&quot;:&quot;yes&quot;,&quot;infinite&quot;:&quot;yes&quot;,&quot;effect&quot;:&quot;slide&quot;}\" data-widget_type=\"image-carousel.default\">\n\t\t\t\t<div class=\"elementor-widget-container\">\n\t\t\t\t\t\t\t<div class=\"elementor-image-carousel-wrapper swiper\" role=\"region\" aria-roledescription=\"carousel\" aria-label=\"Bildekarusell\" dir=\"ltr\">\n\t\t\t<div class=\"elementor-image-carousel swiper-wrapper\" aria-live=\"off\">\n\t\t\t\t\t\t\t\t<div class=\"swiper-slide\" role=\"group\" aria-roledescription=\"slide\" aria-label=\"1 av 6\"><a data-elementor-open-lightbox=\"yes\" data-elementor-lightbox-slideshow=\"76524c4\" data-elementor-lightbox-title=\"ST 30 forside\" data-e-action-hash=\"#elementor-action%3Aaction%3Dlightbox%26settings%3DeyJpZCI6MTMwLCJ1cmwiOiJodHRwczpcL1wvYWx0ZXJuby5ub1wvbmV4dG9yY2hcL3dwLWNvbnRlbnRcL3VwbG9hZHNcLzIwMThcLzA3XC9TVC0zMC1mb3JzaWRlLmpwZyIsInNsaWRlc2hvdyI6Ijc2NTI0YzQifQ%3D%3D\" href=\"https:\/\/alterno.no\/nextorch\/wp-content\/uploads\/2018\/07\/ST-30-forside.jpg\"><figure class=\"swiper-slide-inner\"><img decoding=\"async\" class=\"swiper-slide-image\" src=\"https:\/\/alterno.no\/nextorch\/wp-content\/uploads\/2018\/07\/ST-30-forside.jpg\" alt=\"ST 30 forside\" \/><\/figure><\/a><\/div><div class=\"swiper-slide\" role=\"group\" aria-roledescription=\"slide\" aria-label=\"2 av 6\"><a data-elementor-open-lightbox=\"yes\" data-elementor-lightbox-slideshow=\"76524c4\" data-elementor-lightbox-title=\"ST11 Forside 1200x600\" data-e-action-hash=\"#elementor-action%3Aaction%3Dlightbox%26settings%3DeyJpZCI6MTI5LCJ1cmwiOiJodHRwczpcL1wvYWx0ZXJuby5ub1wvbmV4dG9yY2hcL3dwLWNvbnRlbnRcL3VwbG9hZHNcLzIwMThcLzA3XC9TVDExLUZvcnNpZGUtMTIwMHg2MDAuanBnIiwic2xpZGVzaG93IjoiNzY1MjRjNCJ9\" href=\"https:\/\/alterno.no\/nextorch\/wp-content\/uploads\/2018\/07\/ST11-Forside-1200x600.jpg\"><figure class=\"swiper-slide-inner\"><img decoding=\"async\" class=\"swiper-slide-image\" src=\"https:\/\/alterno.no\/nextorch\/wp-content\/uploads\/2018\/07\/ST11-Forside-1200x600.jpg\" alt=\"ST11 Forside 1200x600\" \/><\/figure><\/a><\/div><div class=\"swiper-slide\" role=\"group\" aria-roledescription=\"slide\" aria-label=\"3 av 6\"><a data-elementor-open-lightbox=\"yes\" data-elementor-lightbox-slideshow=\"76524c4\" data-elementor-lightbox-title=\"MyStar 1200x600\" data-e-action-hash=\"#elementor-action%3Aaction%3Dlightbox%26settings%3DeyJpZCI6MTcsInVybCI6Imh0dHBzOlwvXC9hbHRlcm5vLm5vXC9uZXh0b3JjaFwvd3AtY29udGVudFwvdXBsb2Fkc1wvMjAxOFwvMDdcL015U3Rhci0xMjAweDYwMC5qcGciLCJzbGlkZXNob3ciOiI3NjUyNGM0In0%3D\" href=\"https:\/\/alterno.no\/nextorch\/wp-content\/uploads\/2018\/07\/MyStar-1200x600.jpg\"><figure class=\"swiper-slide-inner\"><img decoding=\"async\" class=\"swiper-slide-image\" src=\"https:\/\/alterno.no\/nextorch\/wp-content\/uploads\/2018\/07\/MyStar-1200x600.jpg\" alt=\"MyStar 1200x600\" \/><\/figure><\/a><\/div><div class=\"swiper-slide\" role=\"group\" aria-roledescription=\"slide\" aria-label=\"4 av 6\"><a data-elementor-open-lightbox=\"yes\" data-elementor-lightbox-slideshow=\"76524c4\" data-elementor-lightbox-title=\"P5G Forside\" data-e-action-hash=\"#elementor-action%3Aaction%3Dlightbox%26settings%3DeyJpZCI6MTI4LCJ1cmwiOiJodHRwczpcL1wvYWx0ZXJuby5ub1wvbmV4dG9yY2hcL3dwLWNvbnRlbnRcL3VwbG9hZHNcLzIwMThcLzA3XC9QNUctRm9yc2lkZS5qcGciLCJzbGlkZXNob3ciOiI3NjUyNGM0In0%3D\" href=\"https:\/\/alterno.no\/nextorch\/wp-content\/uploads\/2018\/07\/P5G-Forside.jpg\"><figure class=\"swiper-slide-inner\"><img decoding=\"async\" class=\"swiper-slide-image\" src=\"https:\/\/alterno.no\/nextorch\/wp-content\/uploads\/2018\/07\/P5G-Forside.jpg\" alt=\"P5G Forside\" \/><\/figure><\/a><\/div><div class=\"swiper-slide\" role=\"group\" aria-roledescription=\"slide\" aria-label=\"5 av 6\"><a data-elementor-open-lightbox=\"yes\" data-elementor-lightbox-slideshow=\"76524c4\" data-elementor-lightbox-title=\"E51 Forside 1200x600\" data-e-action-hash=\"#elementor-action%3Aaction%3Dlightbox%26settings%3DeyJpZCI6MTI1LCJ1cmwiOiJodHRwczpcL1wvYWx0ZXJuby5ub1wvbmV4dG9yY2hcL3dwLWNvbnRlbnRcL3VwbG9hZHNcLzIwMThcLzA3XC9FNTEtRm9yc2lkZS0xMjAweDYwMC5qcGciLCJzbGlkZXNob3ciOiI3NjUyNGM0In0%3D\" href=\"https:\/\/alterno.no\/nextorch\/wp-content\/uploads\/2018\/07\/E51-Forside-1200x600.jpg\"><figure class=\"swiper-slide-inner\"><img decoding=\"async\" class=\"swiper-slide-image\" src=\"https:\/\/alterno.no\/nextorch\/wp-content\/uploads\/2018\/07\/E51-Forside-1200x600.jpg\" alt=\"E51 Forside 1200x600\" \/><\/figure><\/a><\/div><div class=\"swiper-slide\" role=\"group\" aria-roledescription=\"slide\" aria-label=\"6 av 6\"><a data-elementor-open-lightbox=\"yes\" data-elementor-lightbox-slideshow=\"76524c4\" data-elementor-lightbox-title=\"E20 Forside 1200x600\" data-e-action-hash=\"#elementor-action%3Aaction%3Dlightbox%26settings%3DeyJpZCI6MTI2LCJ1cmwiOiJodHRwczpcL1wvYWx0ZXJuby5ub1wvbmV4dG9yY2hcL3dwLWNvbnRlbnRcL3VwbG9hZHNcLzIwMThcLzA3XC9FMjAtRm9yc2lkZS0xMjAweDYwMC5qcGciLCJzbGlkZXNob3ciOiI3NjUyNGM0In0%3D\" href=\"https:\/\/alterno.no\/nextorch\/wp-content\/uploads\/2018\/07\/E20-Forside-1200x600.jpg\"><figure class=\"swiper-slide-inner\"><img decoding=\"async\" class=\"swiper-slide-image\" src=\"https:\/\/alterno.no\/nextorch\/wp-content\/uploads\/2018\/07\/E20-Forside-1200x600.jpg\" alt=\"E20 Forside 1200x600\" \/><\/figure><\/a><\/div>\t\t\t<\/div>\n\t\t\t\t\t\t\t\t\t\t\t\t<div class=\"elementor-swiper-button elementor-swiper-button-prev\" role=\"button\" tabindex=\"0\">\n\t\t\t\t\t\t<i aria-hidden=\"true\" class=\"eicon-chevron-left\"><\/i>\t\t\t\t\t<\/div>\n\t\t\t\t\t<div class=\"elementor-swiper-button elementor-swiper-button-next\" role=\"button\" tabindex=\"0\">\n\t\t\t\t\t\t<i aria-hidden=\"true\" class=\"eicon-chevron-right\"><\/i>\t\t\t\t\t<\/div>\n\t\t\t\t\n\t\t\t\t\t\t\t\t\t<div class=\"swiper-pagination\"><\/div>\n\t\t\t\t\t\t\t\t\t<\/div>\n\t\t\t\t\t\t<\/div>\n\t\t\t\t<\/div>\n\t\t\t\t\t<\/div>\n\t\t<\/div>\n\t\t\t\t\t<\/div>\n\t\t<\/section>\n\t\t\t\t\t<\/div>\n\t\t<\/div>\n\t\t\t\t\t<\/div>\n\t\t<\/section>\n\t\t\t\t<section class=\"elementor-section elementor-top-section elementor-element elementor-element-4b530eb elementor-section-boxed elementor-section-height-default elementor-section-height-default\" data-id=\"4b530eb\" data-element_type=\"section\" data-e-type=\"section\">\n\t\t\t\t\t\t<div class=\"elementor-container elementor-column-gap-default\">\n\t\t\t\t\t<div class=\"elementor-column elementor-col-100 elementor-top-column elementor-element elementor-element-7290400\" data-id=\"7290400\" data-element_type=\"column\" data-e-type=\"column\">\n\t\t\t<div class=\"elementor-widget-wrap elementor-element-populated\">\n\t\t\t\t\t\t<section class=\"elementor-section elementor-inner-section elementor-element elementor-element-d9ffbca elementor-section-boxed elementor-section-height-default elementor-section-height-default\" data-id=\"d9ffbca\" data-element_type=\"section\" data-e-type=\"section\">\n\t\t\t\t\t\t<div class=\"elementor-container elementor-column-gap-default\">\n\t\t\t\t\t<div class=\"elementor-column elementor-col-50 elementor-inner-column elementor-element elementor-element-d313932\" data-id=\"d313932\" data-element_type=\"column\" data-e-type=\"column\">\n\t\t\t<div class=\"elementor-widget-wrap elementor-element-populated\">\n\t\t\t\t\t\t<div class=\"elementor-element elementor-element-3be6fbf elementor-widget elementor-widget-image\" data-id=\"3be6fbf\" data-element_type=\"widget\" data-e-type=\"widget\" data-widget_type=\"image.default\">\n\t\t\t\t<div class=\"elementor-widget-container\">\n\t\t\t\t\t\t\t\t\t\t\t\t\t\t\t\t<a href=\"https:\/\/alterno.no\/nextorch\/hvor-er-naermeste-nextorch-forhandler\/\">\n\t\t\t\t\t\t\t<img fetchpriority=\"high\" decoding=\"async\" width=\"720\" height=\"180\" src=\"https:\/\/alterno.no\/nextorch\/wp-content\/uploads\/2018\/09\/Forhandlere-720x180.jpg\" class=\"attachment-full size-full wp-image-348\" alt=\"\" srcset=\"https:\/\/alterno.no\/nextorch\/wp-content\/uploads\/2018\/09\/Forhandlere-720x180.jpg 720w, https:\/\/alterno.no\/nextorch\/wp-content\/uploads\/2018\/09\/Forhandlere-720x180-300x75.jpg 300w, https:\/\/alterno.no\/nextorch\/wp-content\/uploads\/2018\/09\/Forhandlere-720x180-600x150.jpg 600w\" sizes=\"(max-width: 720px) 100vw, 720px\" \/>\t\t\t\t\t\t\t\t<\/a>\n\t\t\t\t\t\t\t\t\t\t\t\t\t\t\t<\/div>\n\t\t\t\t<\/div>\n\t\t\t\t\t<\/div>\n\t\t<\/div>\n\t\t\t\t<div class=\"elementor-column elementor-col-50 elementor-inner-column elementor-element elementor-element-f56e52a\" data-id=\"f56e52a\" data-element_type=\"column\" data-e-type=\"column\">\n\t\t\t<div class=\"elementor-widget-wrap elementor-element-populated\">\n\t\t\t\t\t\t<div class=\"elementor-element elementor-element-328be2b elementor-widget elementor-widget-wp-widget-recent-posts\" data-id=\"328be2b\" data-element_type=\"widget\" data-e-type=\"widget\" data-widget_type=\"wp-widget-recent-posts.default\">\n\t\t\t\t<div class=\"elementor-widget-container\">\n\t\t\t\t\t\n\t\t\n\t\t<h5>Nyheter<\/h5><nav aria-label=\"Nyheter\">\n\t\t<ul>\n\t\t\t\t\t\t\t\t\t\t\t<li>\n\t\t\t\t\t<a href=\"https:\/\/alterno.no\/nextorch\/fantastisk-multifunsjonslykt-fra-nextorch\/\">Fantastisk multifunsjonslykt fra Nextorch<\/a>\n\t\t\t\t\t\t\t\t\t<\/li>\n\t\t\t\t\t\t\t\t\t\t\t<li>\n\t\t\t\t\t<a href=\"https:\/\/alterno.no\/nextorch\/jeger-har-testet-nextorch-k21-og-ul360\/\">JEGER har testet Nextorch K21 og UL360<\/a>\n\t\t\t\t\t\t\t\t\t<\/li>\n\t\t\t\t\t\t\t\t\t\t\t<li>\n\t\t\t\t\t<a href=\"https:\/\/alterno.no\/nextorch\/nextorch-ul360-lommelanterne-testet-av-jaktfiske\/\">Nextorch UL360 Lommelanterne testet av Jakt&#038;Fiske<\/a>\n\t\t\t\t\t\t\t\t\t<\/li>\n\t\t\t\t\t\t\t\t\t\t\t<li>\n\t\t\t\t\t<a href=\"https:\/\/alterno.no\/nextorch\/nextorch-k21-lommelykt-praktisk-nyhet-fra-nextorch\/\">Nextorch K21 lommelykt &#8211; Praktisk nyhet fra Nextorch<\/a>\n\t\t\t\t\t\t\t\t\t<\/li>\n\t\t\t\t\t\t\t\t\t\t\t<li>\n\t\t\t\t\t<a href=\"https:\/\/alterno.no\/nextorch\/nextorch-sainttorch30-ettersokslykt-reddot-award-vinner-2018\/\">Nextorch SaintTorch30 etters\u00f8kslykt \u2013 reddot award vinner 2018<\/a>\n\t\t\t\t\t\t\t\t\t<\/li>\n\t\t\t\t\t<\/ul>\n\n\t\t<\/nav>\t\t\t\t<\/div>\n\t\t\t\t<\/div>\n\t\t\t\t\t<\/div>\n\t\t<\/div>\n\t\t\t\t\t<\/div>\n\t\t<\/section>\n\t\t\t\t\t<\/div>\n\t\t<\/div>\n\t\t\t\t\t<\/div>\n\t\t<\/section>\n\t\t\t\t<\/div>\n\t\t","protected":false},"excerpt":{"rendered":"<p>NEXTORCH designer og produserer h\u00f8ykvalitetslykter. Med sine innovative l\u00f8sninger ligger de i fremste rekke med l\u00f8sninger til forsvaret, sikkerhetstjenester, industri, jakt, friluftsliv eller til personlig bruk. NEXTORCH produktene distribueres til mer enn 100 land verden over, og det utvides stadig. Vi er stolte av \u00e5 distribuere NEXTORCH sine produkter i Norge. NEXTORCH er lykter som [&hellip;]<\/p>\n","protected":false},"author":1,"featured_media":0,"parent":0,"menu_order":0,"comment_status":"closed","ping_status":"open","template":"","meta":{"site-sidebar-layout":"default","site-content-layout":"default","ast-site-content-layout":"default","site-content-style":"default","site-sidebar-style":"default","ast-global-header-display":"","ast-banner-title-visibility":"","ast-main-header-display":"","ast-hfb-above-header-display":"","ast-hfb-below-header-display":"","ast-hfb-mobile-header-display":"","site-post-title":"disabled","ast-breadcrumbs-content":"","ast-featured-img":"","footer-sml-layout":"","ast-disable-related-posts":"","theme-transparent-header-meta":"default","adv-header-id-meta":"","stick-header-meta":"","header-above-stick-meta":"","header-main-stick-meta":"","header-below-stick-meta":"","astra-migrate-meta-layouts":"default","ast-page-background-enabled":"default","ast-page-background-meta":{"desktop":{"background-color":"","background-image":"","background-repeat":"repeat","background-position":"center center","background-size":"auto","background-attachment":"scroll","background-type":"","background-media":"","overlay-type":"","overlay-color":"","overlay-opacity":"","overlay-gradient":""},"tablet":{"background-color":"","background-image":"","background-repeat":"repeat","background-position":"center center","background-size":"auto","background-attachment":"scroll","background-type":"","background-media":"","overlay-type":"","overlay-color":"","overlay-opacity":"","overlay-gradient":""},"mobile":{"background-color":"","background-image":"","background-repeat":"repeat","background-position":"center center","background-size":"auto","background-attachment":"scroll","background-type":"","background-media":"","overlay-type":"","overlay-color":"","overlay-opacity":"","overlay-gradient":""}},"ast-content-background-meta":{"desktop":{"background-color":"var(--ast-global-color-5)","background-image":"","background-repeat":"repeat","background-position":"center center","background-size":"auto","background-attachment":"scroll","background-type":"","background-media":"","overlay-type":"","overlay-color":"","overlay-opacity":"","overlay-gradient":""},"tablet":{"background-color":"var(--ast-global-color-5)","background-image":"","background-repeat":"repeat","background-position":"center center","background-size":"auto","background-attachment":"scroll","background-type":"","background-media":"","overlay-type":"","overlay-color":"","overlay-opacity":"","overlay-gradient":""},"mobile":{"background-color":"var(--ast-global-color-5)","background-image":"","background-repeat":"repeat","background-position":"center center","background-size":"auto","background-attachment":"scroll","background-type":"","background-media":"","overlay-type":"","overlay-color":"","overlay-opacity":"","overlay-gradient":""}},"footnotes":""},"class_list":["post-2","page","type-page","status-publish","hentry"],"yoast_head":"<!-- This site is optimized with the Yoast SEO plugin v27.5 - https:\/\/yoast.com\/product\/yoast-seo-wordpress\/ -->\n<title>Forside - Nextorch Norge<\/title>\n<meta name=\"description\" content=\"NEXTORCH designer og produserer h\u00f8ykvalitetslykter.\" \/>\n<meta name=\"robots\" content=\"index, follow, max-snippet:-1, max-image-preview:large, max-video-preview:-1\" \/>\n<link rel=\"canonical\" href=\"https:\/\/alterno.no\/nextorch\/\" \/>\n<meta property=\"og:locale\" content=\"nb_NO\" \/>\n<meta property=\"og:type\" content=\"article\" \/>\n<meta property=\"og:title\" content=\"Forside - Nextorch Norge\" \/>\n<meta property=\"og:description\" content=\"NEXTORCH designer og produserer h\u00f8ykvalitetslykter.\" \/>\n<meta property=\"og:url\" content=\"https:\/\/alterno.no\/nextorch\/\" \/>\n<meta property=\"og:site_name\" content=\"Nextorch Norge\" \/>\n<meta property=\"article:publisher\" content=\"https:\/\/business.facebook.com\/alternoas\/?business_id=279824305820487\" \/>\n<meta property=\"article:modified_time\" content=\"2020-06-04T12:12:59+00:00\" \/>\n<meta property=\"og:image\" content=\"https:\/\/alterno.no\/nextorch\/wp-content\/uploads\/2018\/07\/ST-30-forside.jpg\" \/>\n<meta name=\"twitter:card\" content=\"summary_large_image\" \/>\n<script type=\"application\/ld+json\" class=\"yoast-schema-graph\">{\"@context\":\"https:\\\/\\\/schema.org\",\"@graph\":[{\"@type\":\"WebPage\",\"@id\":\"https:\\\/\\\/alterno.no\\\/nextorch\\\/\",\"url\":\"https:\\\/\\\/alterno.no\\\/nextorch\\\/\",\"name\":\"Forside - Nextorch Norge\",\"isPartOf\":{\"@id\":\"https:\\\/\\\/alterno.no\\\/nextorch\\\/#website\"},\"primaryImageOfPage\":{\"@id\":\"https:\\\/\\\/alterno.no\\\/nextorch\\\/#primaryimage\"},\"image\":{\"@id\":\"https:\\\/\\\/alterno.no\\\/nextorch\\\/#primaryimage\"},\"thumbnailUrl\":\"https:\\\/\\\/alterno.no\\\/nextorch\\\/wp-content\\\/uploads\\\/2018\\\/07\\\/ST-30-forside.jpg\",\"datePublished\":\"2018-07-18T08:23:37+00:00\",\"dateModified\":\"2020-06-04T12:12:59+00:00\",\"description\":\"NEXTORCH designer og produserer h\u00f8ykvalitetslykter.\",\"breadcrumb\":{\"@id\":\"https:\\\/\\\/alterno.no\\\/nextorch\\\/#breadcrumb\"},\"inLanguage\":\"nb-NO\",\"potentialAction\":[{\"@type\":\"ReadAction\",\"target\":[\"https:\\\/\\\/alterno.no\\\/nextorch\\\/\"]}]},{\"@type\":\"ImageObject\",\"inLanguage\":\"nb-NO\",\"@id\":\"https:\\\/\\\/alterno.no\\\/nextorch\\\/#primaryimage\",\"url\":\"https:\\\/\\\/alterno.no\\\/nextorch\\\/wp-content\\\/uploads\\\/2018\\\/07\\\/ST-30-forside.jpg\",\"contentUrl\":\"https:\\\/\\\/alterno.no\\\/nextorch\\\/wp-content\\\/uploads\\\/2018\\\/07\\\/ST-30-forside.jpg\"},{\"@type\":\"BreadcrumbList\",\"@id\":\"https:\\\/\\\/alterno.no\\\/nextorch\\\/#breadcrumb\",\"itemListElement\":[{\"@type\":\"ListItem\",\"position\":1,\"name\":\"Hjem\",\"item\":\"https:\\\/\\\/alterno.no\\\/nextorch\\\/\"},{\"@type\":\"ListItem\",\"position\":2,\"name\":\"Forside\"}]},{\"@type\":\"WebSite\",\"@id\":\"https:\\\/\\\/alterno.no\\\/nextorch\\\/#website\",\"url\":\"https:\\\/\\\/alterno.no\\\/nextorch\\\/\",\"name\":\"Nextorch Norge\",\"description\":\"-the smart light\",\"publisher\":{\"@id\":\"https:\\\/\\\/alterno.no\\\/nextorch\\\/#organization\"},\"potentialAction\":[{\"@type\":\"SearchAction\",\"target\":{\"@type\":\"EntryPoint\",\"urlTemplate\":\"https:\\\/\\\/alterno.no\\\/nextorch\\\/?s={search_term_string}\"},\"query-input\":{\"@type\":\"PropertyValueSpecification\",\"valueRequired\":true,\"valueName\":\"search_term_string\"}}],\"inLanguage\":\"nb-NO\"},{\"@type\":\"Organization\",\"@id\":\"https:\\\/\\\/alterno.no\\\/nextorch\\\/#organization\",\"name\":\"Nextorch Norge\",\"url\":\"https:\\\/\\\/alterno.no\\\/nextorch\\\/\",\"logo\":{\"@type\":\"ImageObject\",\"inLanguage\":\"nb-NO\",\"@id\":\"https:\\\/\\\/alterno.no\\\/nextorch\\\/#\\\/schema\\\/logo\\\/image\\\/\",\"url\":\"https:\\\/\\\/alterno.no\\\/nextorch\\\/wp-content\\\/uploads\\\/2018\\\/07\\\/cropped-2018-New-English-Logo-Standard.png\",\"contentUrl\":\"https:\\\/\\\/alterno.no\\\/nextorch\\\/wp-content\\\/uploads\\\/2018\\\/07\\\/cropped-2018-New-English-Logo-Standard.png\",\"width\":1483,\"height\":236,\"caption\":\"Nextorch Norge\"},\"image\":{\"@id\":\"https:\\\/\\\/alterno.no\\\/nextorch\\\/#\\\/schema\\\/logo\\\/image\\\/\"},\"sameAs\":[\"https:\\\/\\\/business.facebook.com\\\/alternoas\\\/?business_id=279824305820487\"]}]}<\/script>\n<!-- \/ Yoast SEO plugin. -->","yoast_head_json":{"title":"Forside - Nextorch Norge","description":"NEXTORCH designer og produserer h\u00f8ykvalitetslykter.","robots":{"index":"index","follow":"follow","max-snippet":"max-snippet:-1","max-image-preview":"max-image-preview:large","max-video-preview":"max-video-preview:-1"},"canonical":"https:\/\/alterno.no\/nextorch\/","og_locale":"nb_NO","og_type":"article","og_title":"Forside - Nextorch Norge","og_description":"NEXTORCH designer og produserer h\u00f8ykvalitetslykter.","og_url":"https:\/\/alterno.no\/nextorch\/","og_site_name":"Nextorch Norge","article_publisher":"https:\/\/business.facebook.com\/alternoas\/?business_id=279824305820487","article_modified_time":"2020-06-04T12:12:59+00:00","og_image":[{"url":"https:\/\/alterno.no\/nextorch\/wp-content\/uploads\/2018\/07\/ST-30-forside.jpg","type":"","width":"","height":""}],"twitter_card":"summary_large_image","schema":{"@context":"https:\/\/schema.org","@graph":[{"@type":"WebPage","@id":"https:\/\/alterno.no\/nextorch\/","url":"https:\/\/alterno.no\/nextorch\/","name":"Forside - Nextorch Norge","isPartOf":{"@id":"https:\/\/alterno.no\/nextorch\/#website"},"primaryImageOfPage":{"@id":"https:\/\/alterno.no\/nextorch\/#primaryimage"},"image":{"@id":"https:\/\/alterno.no\/nextorch\/#primaryimage"},"thumbnailUrl":"https:\/\/alterno.no\/nextorch\/wp-content\/uploads\/2018\/07\/ST-30-forside.jpg","datePublished":"2018-07-18T08:23:37+00:00","dateModified":"2020-06-04T12:12:59+00:00","description":"NEXTORCH designer og produserer h\u00f8ykvalitetslykter.","breadcrumb":{"@id":"https:\/\/alterno.no\/nextorch\/#breadcrumb"},"inLanguage":"nb-NO","potentialAction":[{"@type":"ReadAction","target":["https:\/\/alterno.no\/nextorch\/"]}]},{"@type":"ImageObject","inLanguage":"nb-NO","@id":"https:\/\/alterno.no\/nextorch\/#primaryimage","url":"https:\/\/alterno.no\/nextorch\/wp-content\/uploads\/2018\/07\/ST-30-forside.jpg","contentUrl":"https:\/\/alterno.no\/nextorch\/wp-content\/uploads\/2018\/07\/ST-30-forside.jpg"},{"@type":"BreadcrumbList","@id":"https:\/\/alterno.no\/nextorch\/#breadcrumb","itemListElement":[{"@type":"ListItem","position":1,"name":"Hjem","item":"https:\/\/alterno.no\/nextorch\/"},{"@type":"ListItem","position":2,"name":"Forside"}]},{"@type":"WebSite","@id":"https:\/\/alterno.no\/nextorch\/#website","url":"https:\/\/alterno.no\/nextorch\/","name":"Nextorch Norge","description":"-the smart light","publisher":{"@id":"https:\/\/alterno.no\/nextorch\/#organization"},"potentialAction":[{"@type":"SearchAction","target":{"@type":"EntryPoint","urlTemplate":"https:\/\/alterno.no\/nextorch\/?s={search_term_string}"},"query-input":{"@type":"PropertyValueSpecification","valueRequired":true,"valueName":"search_term_string"}}],"inLanguage":"nb-NO"},{"@type":"Organization","@id":"https:\/\/alterno.no\/nextorch\/#organization","name":"Nextorch Norge","url":"https:\/\/alterno.no\/nextorch\/","logo":{"@type":"ImageObject","inLanguage":"nb-NO","@id":"https:\/\/alterno.no\/nextorch\/#\/schema\/logo\/image\/","url":"https:\/\/alterno.no\/nextorch\/wp-content\/uploads\/2018\/07\/cropped-2018-New-English-Logo-Standard.png","contentUrl":"https:\/\/alterno.no\/nextorch\/wp-content\/uploads\/2018\/07\/cropped-2018-New-English-Logo-Standard.png","width":1483,"height":236,"caption":"Nextorch Norge"},"image":{"@id":"https:\/\/alterno.no\/nextorch\/#\/schema\/logo\/image\/"},"sameAs":["https:\/\/business.facebook.com\/alternoas\/?business_id=279824305820487"]}]}},"_links":{"self":[{"href":"https:\/\/alterno.no\/nextorch\/wp-json\/wp\/v2\/pages\/2","targetHints":{"allow":["GET"]}}],"collection":[{"href":"https:\/\/alterno.no\/nextorch\/wp-json\/wp\/v2\/pages"}],"about":[{"href":"https:\/\/alterno.no\/nextorch\/wp-json\/wp\/v2\/types\/page"}],"author":[{"embeddable":true,"href":"https:\/\/alterno.no\/nextorch\/wp-json\/wp\/v2\/users\/1"}],"replies":[{"embeddable":true,"href":"https:\/\/alterno.no\/nextorch\/wp-json\/wp\/v2\/comments?post=2"}],"version-history":[{"count":41,"href":"https:\/\/alterno.no\/nextorch\/wp-json\/wp\/v2\/pages\/2\/revisions"}],"predecessor-version":[{"id":557,"href":"https:\/\/alterno.no\/nextorch\/wp-json\/wp\/v2\/pages\/2\/revisions\/557"}],"wp:attachment":[{"href":"https:\/\/alterno.no\/nextorch\/wp-json\/wp\/v2\/media?parent=2"}],"curies":[{"name":"wp","href":"https:\/\/api.w.org\/{rel}","templated":true}]}}