{"id":541,"date":"2020-06-04T11:58:30","date_gmt":"2020-06-04T11:58:30","guid":{"rendered":"https:\/\/alterno.no\/nextorch\/?page_id=541"},"modified":"2020-06-04T12:04:57","modified_gmt":"2020-06-04T12:04:57","slug":"nextorch-mystar-r-aa-hodelykt","status":"publish","type":"page","link":"https:\/\/alterno.no\/nextorch\/nextorch-mystar-r-aa-hodelykt\/","title":{"rendered":"Nextorch myStar R AA hodelykt"},"content":{"rendered":"\t\t<div data-elementor-type=\"wp-page\" data-elementor-id=\"541\" class=\"elementor elementor-541\">\n\t\t\t\t\t\t<section class=\"elementor-section elementor-top-section elementor-element elementor-element-7d4662f elementor-section-boxed elementor-section-height-default elementor-section-height-default\" data-id=\"7d4662f\" data-element_type=\"section\" data-e-type=\"section\">\n\t\t\t\t\t\t<div class=\"elementor-container elementor-column-gap-default\">\n\t\t\t\t\t<div class=\"elementor-column elementor-col-100 elementor-top-column elementor-element elementor-element-7f0e8d5\" data-id=\"7f0e8d5\" data-element_type=\"column\" data-e-type=\"column\">\n\t\t\t<div class=\"elementor-widget-wrap elementor-element-populated\">\n\t\t\t\t\t\t<div class=\"elementor-element elementor-element-9bdabd3 elementor-widget elementor-widget-heading\" data-id=\"9bdabd3\" data-element_type=\"widget\" data-e-type=\"widget\" data-widget_type=\"heading.default\">\n\t\t\t\t<div class=\"elementor-widget-container\">\n\t\t\t\t\t<h2 class=\"elementor-heading-title elementor-size-large\">Nextorch myStar R AA hodelykt<\/h2>\t\t\t\t<\/div>\n\t\t\t\t<\/div>\n\t\t\t\t\t<\/div>\n\t\t<\/div>\n\t\t\t\t\t<\/div>\n\t\t<\/section>\n\t\t\t\t<section class=\"elementor-section elementor-top-section elementor-element elementor-element-93c5d0e elementor-section-boxed elementor-section-height-default elementor-section-height-default\" data-id=\"93c5d0e\" data-element_type=\"section\" data-e-type=\"section\">\n\t\t\t\t\t\t<div class=\"elementor-container elementor-column-gap-default\">\n\t\t\t\t\t<div class=\"elementor-column elementor-col-50 elementor-top-column elementor-element elementor-element-87ac6f1\" data-id=\"87ac6f1\" data-element_type=\"column\" data-e-type=\"column\">\n\t\t\t<div class=\"elementor-widget-wrap elementor-element-populated\">\n\t\t\t\t\t\t<div class=\"elementor-element elementor-element-dc280ba elementor-arrows-position-inside elementor-pagination-position-outside elementor-widget elementor-widget-image-carousel\" data-id=\"dc280ba\" data-element_type=\"widget\" data-e-type=\"widget\" data-settings=\"{&quot;slides_to_show&quot;:&quot;1&quot;,&quot;navigation&quot;:&quot;both&quot;,&quot;autoplay&quot;:&quot;yes&quot;,&quot;pause_on_hover&quot;:&quot;yes&quot;,&quot;pause_on_interaction&quot;:&quot;yes&quot;,&quot;autoplay_speed&quot;:5000,&quot;infinite&quot;:&quot;yes&quot;,&quot;effect&quot;:&quot;slide&quot;,&quot;speed&quot;:500}\" data-widget_type=\"image-carousel.default\">\n\t\t\t\t<div class=\"elementor-widget-container\">\n\t\t\t\t\t\t\t<div class=\"elementor-image-carousel-wrapper swiper\" role=\"region\" aria-roledescription=\"carousel\" aria-label=\"Bildekarusell\" dir=\"ltr\">\n\t\t\t<div class=\"elementor-image-carousel swiper-wrapper\" aria-live=\"off\">\n\t\t\t\t\t\t\t\t<div class=\"swiper-slide\" role=\"group\" aria-roledescription=\"slide\" aria-label=\"1 av 4\"><figure class=\"swiper-slide-inner\"><img decoding=\"async\" class=\"swiper-slide-image\" src=\"https:\/\/alterno.no\/nextorch\/wp-content\/uploads\/2020\/06\/Nextorch-myStar-R-AA.jpg\" alt=\"Nextorch myStar R AA\" \/><\/figure><\/div><div class=\"swiper-slide\" role=\"group\" aria-roledescription=\"slide\" aria-label=\"2 av 4\"><figure class=\"swiper-slide-inner\"><img decoding=\"async\" class=\"swiper-slide-image\" src=\"https:\/\/alterno.no\/nextorch\/wp-content\/uploads\/2020\/06\/Nextorch-myStar-R-AA-1.jpg\" alt=\"Nextorch myStar R AA (1)\" \/><\/figure><\/div><div class=\"swiper-slide\" role=\"group\" aria-roledescription=\"slide\" aria-label=\"3 av 4\"><figure class=\"swiper-slide-inner\"><img decoding=\"async\" class=\"swiper-slide-image\" src=\"https:\/\/alterno.no\/nextorch\/wp-content\/uploads\/2020\/06\/Nextorch-myStar-R-AA-2.jpg\" alt=\"Nextorch myStar R AA (2)\" \/><\/figure><\/div><div class=\"swiper-slide\" role=\"group\" aria-roledescription=\"slide\" aria-label=\"4 av 4\"><figure class=\"swiper-slide-inner\"><img decoding=\"async\" class=\"swiper-slide-image\" src=\"https:\/\/alterno.no\/nextorch\/wp-content\/uploads\/2020\/06\/Nextorch-myStar-R-AA-3.jpg\" alt=\"Nextorch myStar R AA (3)\" \/><\/figure><\/div>\t\t\t<\/div>\n\t\t\t\t\t\t\t\t\t\t\t\t<div class=\"elementor-swiper-button elementor-swiper-button-prev\" role=\"button\" tabindex=\"0\">\n\t\t\t\t\t\t<i aria-hidden=\"true\" class=\"eicon-chevron-left\"><\/i>\t\t\t\t\t<\/div>\n\t\t\t\t\t<div class=\"elementor-swiper-button elementor-swiper-button-next\" role=\"button\" tabindex=\"0\">\n\t\t\t\t\t\t<i aria-hidden=\"true\" class=\"eicon-chevron-right\"><\/i>\t\t\t\t\t<\/div>\n\t\t\t\t\n\t\t\t\t\t\t\t\t\t<div class=\"swiper-pagination\"><\/div>\n\t\t\t\t\t\t\t\t\t<\/div>\n\t\t\t\t\t\t<\/div>\n\t\t\t\t<\/div>\n\t\t\t\t\t<\/div>\n\t\t<\/div>\n\t\t\t\t<div class=\"elementor-column elementor-col-50 elementor-top-column elementor-element elementor-element-89f0d53\" data-id=\"89f0d53\" data-element_type=\"column\" data-e-type=\"column\">\n\t\t\t<div class=\"elementor-widget-wrap elementor-element-populated\">\n\t\t\t\t\t\t<div class=\"elementor-element elementor-element-8f2624f elementor-widget elementor-widget-text-editor\" data-id=\"8f2624f\" data-element_type=\"widget\" data-e-type=\"widget\" data-widget_type=\"text-editor.default\">\n\t\t\t\t<div class=\"elementor-widget-container\">\n\t\t\t\t\t\t\t\t\t<p>Hodelykt med zoom, med \u00a03 stk AA batteri. Den lave vekten, delt hodeb\u00e5nd og vektfordelingen gj\u00f8r at denne lykten er meget komfortabel og bruke over lang tid.<\/p><ul><li>360\u00b0 rotering gj\u00f8r det enkelt \u00e5 justere zoom<\/li><li>IPX4 vanntett<\/li><li>Komfortabelt hodeb\u00e5nd<\/li><\/ul>\t\t\t\t\t\t\t\t<\/div>\n\t\t\t\t<\/div>\n\t\t\t\t\t<\/div>\n\t\t<\/div>\n\t\t\t\t\t<\/div>\n\t\t<\/section>\n\t\t\t\t<section class=\"elementor-section elementor-top-section elementor-element elementor-element-1ce9a15 elementor-section-boxed elementor-section-height-default elementor-section-height-default\" data-id=\"1ce9a15\" data-element_type=\"section\" data-e-type=\"section\">\n\t\t\t\t\t\t<div class=\"elementor-container elementor-column-gap-default\">\n\t\t\t\t\t<div class=\"elementor-column elementor-col-50 elementor-top-column elementor-element elementor-element-9054980\" data-id=\"9054980\" data-element_type=\"column\" data-e-type=\"column\">\n\t\t\t<div class=\"elementor-widget-wrap elementor-element-populated\">\n\t\t\t\t\t\t<div class=\"elementor-element elementor-element-e9e5d03 elementor-widget elementor-widget-video\" data-id=\"e9e5d03\" data-element_type=\"widget\" data-e-type=\"widget\" data-settings=\"{&quot;youtube_url&quot;:&quot;https:\\\/\\\/youtu.be\\\/BbqIOaA91MA&quot;,&quot;video_type&quot;:&quot;youtube&quot;,&quot;controls&quot;:&quot;yes&quot;}\" data-widget_type=\"video.default\">\n\t\t\t\t<div class=\"elementor-widget-container\">\n\t\t\t\t\t\t\t<div class=\"elementor-wrapper elementor-open-inline\">\n\t\t\t<div class=\"elementor-video\"><\/div>\t\t<\/div>\n\t\t\t\t\t\t<\/div>\n\t\t\t\t<\/div>\n\t\t\t\t\t<\/div>\n\t\t<\/div>\n\t\t\t\t<div class=\"elementor-column elementor-col-50 elementor-top-column elementor-element elementor-element-61383bd\" data-id=\"61383bd\" data-element_type=\"column\" data-e-type=\"column\">\n\t\t\t<div class=\"elementor-widget-wrap\">\n\t\t\t\t\t\t\t<\/div>\n\t\t<\/div>\n\t\t\t\t\t<\/div>\n\t\t<\/section>\n\t\t\t\t<section class=\"elementor-section elementor-top-section elementor-element elementor-element-5dff35a elementor-section-boxed elementor-section-height-default elementor-section-height-default\" data-id=\"5dff35a\" data-element_type=\"section\" data-e-type=\"section\">\n\t\t\t\t\t\t<div class=\"elementor-container elementor-column-gap-default\">\n\t\t\t\t\t<div class=\"elementor-column elementor-col-100 elementor-top-column elementor-element elementor-element-ab1fe83\" data-id=\"ab1fe83\" data-element_type=\"column\" data-e-type=\"column\">\n\t\t\t<div class=\"elementor-widget-wrap elementor-element-populated\">\n\t\t\t\t\t\t<div class=\"elementor-element elementor-element-d6a31b8 elementor-widget elementor-widget-text-editor\" data-id=\"d6a31b8\" data-element_type=\"widget\" data-e-type=\"widget\" data-widget_type=\"text-editor.default\">\n\t\t\t\t<div class=\"elementor-widget-container\">\n\t\t\t\t\t\t\t\t\t<table><tbody><tr><td colspan=\"3\" width=\"513\"><p><strong>myStar R art.nr :<\/strong><strong>803100012<\/strong><\/p><\/td><\/tr><tr><td width=\"116\"><p><strong>LED<\/strong><\/p><\/td><td colspan=\"2\" width=\"397\"><p>OSRAM P9 LED\u00a0<\/p><\/td><\/tr><tr><td width=\"116\"><p><strong>Batteri<\/strong><\/p><\/td><td width=\"215\"><p>3000mAh Lithium polymer batteri<\/p><\/td><td width=\"182\"><p>3xAA alkaline batteri<\/p><\/td><\/tr><tr><td width=\"116\"><p><strong>Lysstyrke<\/strong><\/p><\/td><td width=\"215\"><p>760lm \/ 245lm \/ 28lm\/S.O.S.<\/p><\/td><td width=\"182\"><p>600lm\/240lm\/35lm\/S.O.S<\/p><\/td><\/tr><tr><td width=\"116\"><p><strong>Batteri levetid<\/strong><\/p><\/td><td width=\"215\"><p>4h45min \/ 8h15min \/ 81h\/&#8211;<\/p><\/td><td width=\"182\"><p>4h35min\/7h\/55h-<\/p><\/td><\/tr><tr><td width=\"116\"><p><strong>Lyslengde<\/strong><\/p><\/td><td width=\"215\"><p>220m<\/p><\/td><td width=\"182\"><p>184m<\/p><\/td><\/tr><tr><td width=\"116\"><p><strong>St\u00f8rrelse<\/strong><\/p><\/td><td colspan=\"2\" width=\"397\"><p>76mm*28.5mm*82mm\uff08batteri\uff09<\/p><p>40mm*44mm*74mm (lykthode)<\/p><\/td><\/tr><tr><td width=\"116\"><p><strong>Vekt<\/strong><\/p><\/td><td colspan=\"2\" width=\"397\"><p>124g\uff08uten batteri\uff09<\/p><\/td><\/tr><tr><td width=\"116\"><p><strong>Vannbeskyttelse<\/strong><\/p><\/td><td colspan=\"2\" width=\"397\"><p>IPX-4<\/p><\/td><\/tr><\/tbody><\/table>\t\t\t\t\t\t\t\t<\/div>\n\t\t\t\t<\/div>\n\t\t\t\t\t<\/div>\n\t\t<\/div>\n\t\t\t\t\t<\/div>\n\t\t<\/section>\n\t\t\t\t<\/div>\n\t\t","protected":false},"excerpt":{"rendered":"<p>Nextorch myStar R AA hodelykt Forrige Neste Hodelykt med zoom, med &nbsp;3 stk AA batteri. Den lave vekten, delt hodeb\u00e5nd og vektfordelingen gj\u00f8r at denne lykten er meget komfortabel og bruke over lang tid. 360\u00b0 rotering gj\u00f8r det enkelt \u00e5 justere zoom IPX4 vanntett Komfortabelt hodeb\u00e5nd myStar R art.nr :803100012 LED OSRAM P9 LED&nbsp; Batteri [&hellip;]<\/p>\n","protected":false},"author":1,"featured_media":0,"parent":0,"menu_order":0,"comment_status":"closed","ping_status":"closed","template":"","meta":{"site-sidebar-layout":"no-sidebar","site-content-layout":"page-builder","ast-site-content-layout":"default","site-content-style":"default","site-sidebar-style":"default","ast-global-header-display":"","ast-banner-title-visibility":"","ast-main-header-display":"","ast-hfb-above-header-display":"","ast-hfb-below-header-display":"","ast-hfb-mobile-header-display":"","site-post-title":"disabled","ast-breadcrumbs-content":"","ast-featured-img":"disabled","footer-sml-layout":"","ast-disable-related-posts":"","theme-transparent-header-meta":"default","adv-header-id-meta":"","stick-header-meta":"","header-above-stick-meta":"","header-main-stick-meta":"","header-below-stick-meta":"","astra-migrate-meta-layouts":"default","ast-page-background-enabled":"default","ast-page-background-meta":{"desktop":{"background-color":"","background-image":"","background-repeat":"repeat","background-position":"center center","background-size":"auto","background-attachment":"scroll","background-type":"","background-media":"","overlay-type":"","overlay-color":"","overlay-opacity":"","overlay-gradient":""},"tablet":{"background-color":"","background-image":"","background-repeat":"repeat","background-position":"center center","background-size":"auto","background-attachment":"scroll","background-type":"","background-media":"","overlay-type":"","overlay-color":"","overlay-opacity":"","overlay-gradient":""},"mobile":{"background-color":"","background-image":"","background-repeat":"repeat","background-position":"center center","background-size":"auto","background-attachment":"scroll","background-type":"","background-media":"","overlay-type":"","overlay-color":"","overlay-opacity":"","overlay-gradient":""}},"ast-content-background-meta":{"desktop":{"background-color":"var(--ast-global-color-5)","background-image":"","background-repeat":"repeat","background-position":"center center","background-size":"auto","background-attachment":"scroll","background-type":"","background-media":"","overlay-type":"","overlay-color":"","overlay-opacity":"","overlay-gradient":""},"tablet":{"background-color":"var(--ast-global-color-5)","background-image":"","background-repeat":"repeat","background-position":"center center","background-size":"auto","background-attachment":"scroll","background-type":"","background-media":"","overlay-type":"","overlay-color":"","overlay-opacity":"","overlay-gradient":""},"mobile":{"background-color":"var(--ast-global-color-5)","background-image":"","background-repeat":"repeat","background-position":"center center","background-size":"auto","background-attachment":"scroll","background-type":"","background-media":"","overlay-type":"","overlay-color":"","overlay-opacity":"","overlay-gradient":""}},"footnotes":""},"class_list":["post-541","page","type-page","status-publish","hentry"],"yoast_head":"<!-- This site is optimized with the Yoast SEO plugin v27.4 - https:\/\/yoast.com\/product\/yoast-seo-wordpress\/ -->\n<title>Nextorch myStar R AA hodelykt - Nextorch Norge<\/title>\n<meta name=\"description\" content=\"Hodelykt med zoom, med 3 stk AA batteri. Den lave vekten, delt hodeb\u00e5nd og vektfordelingen gj\u00f8r at denne lykten er meget komfortabel og bruke over lang tid.\" \/>\n<meta name=\"robots\" content=\"index, follow, max-snippet:-1, max-image-preview:large, max-video-preview:-1\" \/>\n<link rel=\"canonical\" href=\"https:\/\/alterno.no\/nextorch\/nextorch-mystar-r-aa-hodelykt\/\" \/>\n<meta property=\"og:locale\" content=\"nb_NO\" \/>\n<meta property=\"og:type\" content=\"article\" \/>\n<meta property=\"og:title\" content=\"Nextorch myStar R AA hodelykt - Nextorch Norge\" \/>\n<meta property=\"og:description\" content=\"Hodelykt med zoom, med 3 stk AA batteri. Den lave vekten, delt hodeb\u00e5nd og vektfordelingen gj\u00f8r at denne lykten er meget komfortabel og bruke over lang tid.\" \/>\n<meta property=\"og:url\" content=\"https:\/\/alterno.no\/nextorch\/nextorch-mystar-r-aa-hodelykt\/\" \/>\n<meta property=\"og:site_name\" content=\"Nextorch Norge\" \/>\n<meta property=\"article:publisher\" content=\"https:\/\/business.facebook.com\/alternoas\/?business_id=279824305820487\" \/>\n<meta property=\"article:modified_time\" content=\"2020-06-04T12:04:57+00:00\" \/>\n<meta property=\"og:image\" content=\"https:\/\/alterno.no\/nextorch\/wp-content\/uploads\/2020\/06\/Nextorch-myStar-R-AA.jpg\" \/>\n<meta name=\"twitter:card\" content=\"summary_large_image\" \/>\n<meta name=\"twitter:label1\" content=\"Ansl. lesetid\" \/>\n\t<meta name=\"twitter:data1\" content=\"1 minutt\" \/>\n<script type=\"application\/ld+json\" class=\"yoast-schema-graph\">{\"@context\":\"https:\\\/\\\/schema.org\",\"@graph\":[{\"@type\":\"WebPage\",\"@id\":\"https:\\\/\\\/alterno.no\\\/nextorch\\\/nextorch-mystar-r-aa-hodelykt\\\/\",\"url\":\"https:\\\/\\\/alterno.no\\\/nextorch\\\/nextorch-mystar-r-aa-hodelykt\\\/\",\"name\":\"Nextorch myStar R AA hodelykt - Nextorch Norge\",\"isPartOf\":{\"@id\":\"https:\\\/\\\/alterno.no\\\/nextorch\\\/#website\"},\"primaryImageOfPage\":{\"@id\":\"https:\\\/\\\/alterno.no\\\/nextorch\\\/nextorch-mystar-r-aa-hodelykt\\\/#primaryimage\"},\"image\":{\"@id\":\"https:\\\/\\\/alterno.no\\\/nextorch\\\/nextorch-mystar-r-aa-hodelykt\\\/#primaryimage\"},\"thumbnailUrl\":\"https:\\\/\\\/alterno.no\\\/nextorch\\\/wp-content\\\/uploads\\\/2020\\\/06\\\/Nextorch-myStar-R-AA.jpg\",\"datePublished\":\"2020-06-04T11:58:30+00:00\",\"dateModified\":\"2020-06-04T12:04:57+00:00\",\"description\":\"Hodelykt med zoom, med 3 stk AA batteri. Den lave vekten, delt hodeb\u00e5nd og vektfordelingen gj\u00f8r at denne lykten er meget komfortabel og bruke over lang tid.\",\"breadcrumb\":{\"@id\":\"https:\\\/\\\/alterno.no\\\/nextorch\\\/nextorch-mystar-r-aa-hodelykt\\\/#breadcrumb\"},\"inLanguage\":\"nb-NO\",\"potentialAction\":[{\"@type\":\"ReadAction\",\"target\":[\"https:\\\/\\\/alterno.no\\\/nextorch\\\/nextorch-mystar-r-aa-hodelykt\\\/\"]}]},{\"@type\":\"ImageObject\",\"inLanguage\":\"nb-NO\",\"@id\":\"https:\\\/\\\/alterno.no\\\/nextorch\\\/nextorch-mystar-r-aa-hodelykt\\\/#primaryimage\",\"url\":\"https:\\\/\\\/alterno.no\\\/nextorch\\\/wp-content\\\/uploads\\\/2020\\\/06\\\/Nextorch-myStar-R-AA.jpg\",\"contentUrl\":\"https:\\\/\\\/alterno.no\\\/nextorch\\\/wp-content\\\/uploads\\\/2020\\\/06\\\/Nextorch-myStar-R-AA.jpg\",\"width\":1200,\"height\":600},{\"@type\":\"BreadcrumbList\",\"@id\":\"https:\\\/\\\/alterno.no\\\/nextorch\\\/nextorch-mystar-r-aa-hodelykt\\\/#breadcrumb\",\"itemListElement\":[{\"@type\":\"ListItem\",\"position\":1,\"name\":\"Hjem\",\"item\":\"https:\\\/\\\/alterno.no\\\/nextorch\\\/\"},{\"@type\":\"ListItem\",\"position\":2,\"name\":\"Nextorch myStar R AA hodelykt\"}]},{\"@type\":\"WebSite\",\"@id\":\"https:\\\/\\\/alterno.no\\\/nextorch\\\/#website\",\"url\":\"https:\\\/\\\/alterno.no\\\/nextorch\\\/\",\"name\":\"Nextorch Norge\",\"description\":\"-the smart light\",\"publisher\":{\"@id\":\"https:\\\/\\\/alterno.no\\\/nextorch\\\/#organization\"},\"potentialAction\":[{\"@type\":\"SearchAction\",\"target\":{\"@type\":\"EntryPoint\",\"urlTemplate\":\"https:\\\/\\\/alterno.no\\\/nextorch\\\/?s={search_term_string}\"},\"query-input\":{\"@type\":\"PropertyValueSpecification\",\"valueRequired\":true,\"valueName\":\"search_term_string\"}}],\"inLanguage\":\"nb-NO\"},{\"@type\":\"Organization\",\"@id\":\"https:\\\/\\\/alterno.no\\\/nextorch\\\/#organization\",\"name\":\"Nextorch Norge\",\"url\":\"https:\\\/\\\/alterno.no\\\/nextorch\\\/\",\"logo\":{\"@type\":\"ImageObject\",\"inLanguage\":\"nb-NO\",\"@id\":\"https:\\\/\\\/alterno.no\\\/nextorch\\\/#\\\/schema\\\/logo\\\/image\\\/\",\"url\":\"https:\\\/\\\/alterno.no\\\/nextorch\\\/wp-content\\\/uploads\\\/2018\\\/07\\\/cropped-2018-New-English-Logo-Standard.png\",\"contentUrl\":\"https:\\\/\\\/alterno.no\\\/nextorch\\\/wp-content\\\/uploads\\\/2018\\\/07\\\/cropped-2018-New-English-Logo-Standard.png\",\"width\":1483,\"height\":236,\"caption\":\"Nextorch Norge\"},\"image\":{\"@id\":\"https:\\\/\\\/alterno.no\\\/nextorch\\\/#\\\/schema\\\/logo\\\/image\\\/\"},\"sameAs\":[\"https:\\\/\\\/business.facebook.com\\\/alternoas\\\/?business_id=279824305820487\"]}]}<\/script>\n<!-- \/ Yoast SEO plugin. -->","yoast_head_json":{"title":"Nextorch myStar R AA hodelykt - Nextorch Norge","description":"Hodelykt med zoom, med 3 stk AA batteri. Den lave vekten, delt hodeb\u00e5nd og vektfordelingen gj\u00f8r at denne lykten er meget komfortabel og bruke over lang tid.","robots":{"index":"index","follow":"follow","max-snippet":"max-snippet:-1","max-image-preview":"max-image-preview:large","max-video-preview":"max-video-preview:-1"},"canonical":"https:\/\/alterno.no\/nextorch\/nextorch-mystar-r-aa-hodelykt\/","og_locale":"nb_NO","og_type":"article","og_title":"Nextorch myStar R AA hodelykt - Nextorch Norge","og_description":"Hodelykt med zoom, med 3 stk AA batteri. Den lave vekten, delt hodeb\u00e5nd og vektfordelingen gj\u00f8r at denne lykten er meget komfortabel og bruke over lang tid.","og_url":"https:\/\/alterno.no\/nextorch\/nextorch-mystar-r-aa-hodelykt\/","og_site_name":"Nextorch Norge","article_publisher":"https:\/\/business.facebook.com\/alternoas\/?business_id=279824305820487","article_modified_time":"2020-06-04T12:04:57+00:00","og_image":[{"url":"https:\/\/alterno.no\/nextorch\/wp-content\/uploads\/2020\/06\/Nextorch-myStar-R-AA.jpg","type":"","width":"","height":""}],"twitter_card":"summary_large_image","twitter_misc":{"Ansl. lesetid":"1 minutt"},"schema":{"@context":"https:\/\/schema.org","@graph":[{"@type":"WebPage","@id":"https:\/\/alterno.no\/nextorch\/nextorch-mystar-r-aa-hodelykt\/","url":"https:\/\/alterno.no\/nextorch\/nextorch-mystar-r-aa-hodelykt\/","name":"Nextorch myStar R AA hodelykt - Nextorch Norge","isPartOf":{"@id":"https:\/\/alterno.no\/nextorch\/#website"},"primaryImageOfPage":{"@id":"https:\/\/alterno.no\/nextorch\/nextorch-mystar-r-aa-hodelykt\/#primaryimage"},"image":{"@id":"https:\/\/alterno.no\/nextorch\/nextorch-mystar-r-aa-hodelykt\/#primaryimage"},"thumbnailUrl":"https:\/\/alterno.no\/nextorch\/wp-content\/uploads\/2020\/06\/Nextorch-myStar-R-AA.jpg","datePublished":"2020-06-04T11:58:30+00:00","dateModified":"2020-06-04T12:04:57+00:00","description":"Hodelykt med zoom, med 3 stk AA batteri. Den lave vekten, delt hodeb\u00e5nd og vektfordelingen gj\u00f8r at denne lykten er meget komfortabel og bruke over lang tid.","breadcrumb":{"@id":"https:\/\/alterno.no\/nextorch\/nextorch-mystar-r-aa-hodelykt\/#breadcrumb"},"inLanguage":"nb-NO","potentialAction":[{"@type":"ReadAction","target":["https:\/\/alterno.no\/nextorch\/nextorch-mystar-r-aa-hodelykt\/"]}]},{"@type":"ImageObject","inLanguage":"nb-NO","@id":"https:\/\/alterno.no\/nextorch\/nextorch-mystar-r-aa-hodelykt\/#primaryimage","url":"https:\/\/alterno.no\/nextorch\/wp-content\/uploads\/2020\/06\/Nextorch-myStar-R-AA.jpg","contentUrl":"https:\/\/alterno.no\/nextorch\/wp-content\/uploads\/2020\/06\/Nextorch-myStar-R-AA.jpg","width":1200,"height":600},{"@type":"BreadcrumbList","@id":"https:\/\/alterno.no\/nextorch\/nextorch-mystar-r-aa-hodelykt\/#breadcrumb","itemListElement":[{"@type":"ListItem","position":1,"name":"Hjem","item":"https:\/\/alterno.no\/nextorch\/"},{"@type":"ListItem","position":2,"name":"Nextorch myStar R AA hodelykt"}]},{"@type":"WebSite","@id":"https:\/\/alterno.no\/nextorch\/#website","url":"https:\/\/alterno.no\/nextorch\/","name":"Nextorch Norge","description":"-the smart light","publisher":{"@id":"https:\/\/alterno.no\/nextorch\/#organization"},"potentialAction":[{"@type":"SearchAction","target":{"@type":"EntryPoint","urlTemplate":"https:\/\/alterno.no\/nextorch\/?s={search_term_string}"},"query-input":{"@type":"PropertyValueSpecification","valueRequired":true,"valueName":"search_term_string"}}],"inLanguage":"nb-NO"},{"@type":"Organization","@id":"https:\/\/alterno.no\/nextorch\/#organization","name":"Nextorch Norge","url":"https:\/\/alterno.no\/nextorch\/","logo":{"@type":"ImageObject","inLanguage":"nb-NO","@id":"https:\/\/alterno.no\/nextorch\/#\/schema\/logo\/image\/","url":"https:\/\/alterno.no\/nextorch\/wp-content\/uploads\/2018\/07\/cropped-2018-New-English-Logo-Standard.png","contentUrl":"https:\/\/alterno.no\/nextorch\/wp-content\/uploads\/2018\/07\/cropped-2018-New-English-Logo-Standard.png","width":1483,"height":236,"caption":"Nextorch Norge"},"image":{"@id":"https:\/\/alterno.no\/nextorch\/#\/schema\/logo\/image\/"},"sameAs":["https:\/\/business.facebook.com\/alternoas\/?business_id=279824305820487"]}]}},"_links":{"self":[{"href":"https:\/\/alterno.no\/nextorch\/wp-json\/wp\/v2\/pages\/541","targetHints":{"allow":["GET"]}}],"collection":[{"href":"https:\/\/alterno.no\/nextorch\/wp-json\/wp\/v2\/pages"}],"about":[{"href":"https:\/\/alterno.no\/nextorch\/wp-json\/wp\/v2\/types\/page"}],"author":[{"embeddable":true,"href":"https:\/\/alterno.no\/nextorch\/wp-json\/wp\/v2\/users\/1"}],"replies":[{"embeddable":true,"href":"https:\/\/alterno.no\/nextorch\/wp-json\/wp\/v2\/comments?post=541"}],"version-history":[{"count":4,"href":"https:\/\/alterno.no\/nextorch\/wp-json\/wp\/v2\/pages\/541\/revisions"}],"predecessor-version":[{"id":553,"href":"https:\/\/alterno.no\/nextorch\/wp-json\/wp\/v2\/pages\/541\/revisions\/553"}],"wp:attachment":[{"href":"https:\/\/alterno.no\/nextorch\/wp-json\/wp\/v2\/media?parent=541"}],"curies":[{"name":"wp","href":"https:\/\/api.w.org\/{rel}","templated":true}]}}